    {"id":20,"date":"2025-09-02T15:04:13","date_gmt":"2025-09-02T15:04:13","guid":{"rendered":"https:\/\/vuestrodinero.com\/?page_id=20"},"modified":"2025-09-02T15:04:13","modified_gmt":"2025-09-02T15:04:13","slug":"sobre-nosotros","status":"publish","type":"page","link":"https:\/\/vuestrodinero.com\/pt\/sobre-nosotros\/","title":{"rendered":"Sobre o seu dinheiro"},"content":{"rendered":"<p><strong>Seu dinheiro<\/strong> \u00c9 um espa\u00e7o criado para ajudar voc\u00ea a entender o mundo de <strong>finan\u00e7as pessoais<\/strong> Com clareza e confian\u00e7a. Nosso objetivo \u00e9 fornecer informa\u00e7\u00f5es acess\u00edveis e bem fundamentadas sobre t\u00f3picos importantes, como: <strong>Cart\u00f5es de cr\u00e9dito e d\u00e9bito, empr\u00e9stimos, poupan\u00e7a e gest\u00e3o financeira.<\/strong>, focando especialmente nas realidades de <strong>Espanha e M\u00e9xico<\/strong>.<\/p>\n\n\n\n<p>Em um ambiente econ\u00f4mico din\u00e2mico, onde os produtos e servi\u00e7os financeiros est\u00e3o em constante mudan\u00e7a, sabemos que \u00e9 f\u00e1cil se sentir sobrecarregado. \u00c9 por isso que, em <strong>Seu dinheiro<\/strong> Estamos dedicados a <strong>simplificar o complexo<\/strong>Transformando informa\u00e7\u00f5es t\u00e9cnicas em recursos pr\u00e1ticos que permitem tomar decis\u00f5es acertadas e alinhadas aos seus objetivos financeiros.<\/p>\n\n\n\n<p>Embora compartilhemos compara\u00e7\u00f5es de produtos, an\u00e1lises de tend\u00eancias e explica\u00e7\u00f5es sobre servi\u00e7os banc\u00e1rios, \u00e9 importante ressaltar que <strong>O Your Money n\u00e3o \u00e9 uma institui\u00e7\u00e3o financeira nem um prestador de servi\u00e7os.<\/strong>Nosso papel \u00e9 exclusivamente <strong>informativo e educativo<\/strong>Oferecemos orienta\u00e7\u00e3o imparcial para que voc\u00ea possa decidir, com bom senso e confian\u00e7a, como administrar seu dinheiro.<\/p>\n\n\n\n<h2 class=\"wp-block-heading\">Nossa miss\u00e3o<\/h2>\n\n\n\n<p>Em <strong>Seu dinheiro<\/strong> Temos um objetivo claro: <strong>fornecer conte\u00fado \u00fatil, confi\u00e1vel e pr\u00e1tico<\/strong> a todas as pessoas que desejam melhorar seu bem-estar financeiro em <strong>Espanha e M\u00e9xico<\/strong>Se voc\u00ea quer aprender a <strong>Administre melhor sua renda<\/strong>para tomar decis\u00f5es informadas sobre <strong>cart\u00f5es de cr\u00e9dito e empr\u00e9stimos<\/strong>ou descobrir <strong>estrat\u00e9gias de poupan\u00e7a e planejamento<\/strong>Nossa miss\u00e3o \u00e9 fornecer ferramentas que lhe permitam avan\u00e7ar com confian\u00e7a.<\/p>\n\n\n\n<p>Trabalhamos com informa\u00e7\u00f5es <strong>transparente e baseado em pesquisa<\/strong>Evite promessas irreais e atalhos enganosos. Nosso objetivo \u00e9 ajud\u00e1-lo a entender como o sistema financeiro e os produtos dispon\u00edveis realmente funcionam, para que voc\u00ea possa se capacitar para... <strong>Escolha o que melhor se adapta \u00e0s suas necessidades e objetivos.<\/strong>.<\/p>\n\n\n\n<h2 class=\"wp-block-heading\">O que voc\u00ea encontrar\u00e1 aqui<\/h2>\n\n\n\n<p>Em <strong>Seu dinheiro<\/strong> Organizamos nosso conte\u00fado levando em considera\u00e7\u00e3o o seguinte: <strong>necessidades reais daqueles que buscam gerenciar melhor suas finan\u00e7as pessoais<\/strong>Com orienta\u00e7\u00e3o pr\u00e1tica e estruturada para cada etapa da vida financeira:<\/p>\n\n\n\n<ul>\n<li><strong>Educa\u00e7\u00e3o financeira e gest\u00e3o de dinheiro<\/strong><br>Recursos claros e pr\u00e1ticos para aprender a organizar seu or\u00e7amento, controlar despesas, melhorar h\u00e1bitos de poupan\u00e7a e alcan\u00e7ar metas financeiras a curto e longo prazo.<\/li>\n\n\n\n<li><strong>Cart\u00f5es de cr\u00e9dito e d\u00e9bito<\/strong><br>Compara\u00e7\u00f5es, dicas e an\u00e1lises sobre como escolher o cart\u00e3o certo de acordo com o seu perfil, entender as tarifas, aproveitar os benef\u00edcios e evitar d\u00edvidas desnecess\u00e1rias.<\/li>\n\n\n\n<li><strong>Empr\u00e9stimos e financiamento<\/strong><br>Explica\u00e7\u00f5es simples sobre os diferentes tipos de cr\u00e9dito dispon\u00edveis na Espanha e no M\u00e9xico, com orienta\u00e7\u00f5es sobre taxas de juros, requisitos, riscos e boas pr\u00e1ticas antes de se endividar.<\/li>\n\n\n\n<li><strong>Dicas b\u00e1sicas de poupan\u00e7a e investimento<\/strong><br>Estrat\u00e9gias acess\u00edveis para fortalecer suas finan\u00e7as: desde a cria\u00e7\u00e3o de um fundo de emerg\u00eancia at\u00e9 recomenda\u00e7\u00f5es para come\u00e7ar a investir de forma respons\u00e1vel.<\/li>\n\n\n\n<li><strong>Not\u00edcias e tend\u00eancias do setor financeiro<\/strong><br>Artigos atualizados sobre mudan\u00e7as regulat\u00f3rias, novas ofertas banc\u00e1rias, inova\u00e7\u00f5es tecnol\u00f3gicas e desenvolvimentos relevantes no sistema financeiro.<\/li>\n<\/ul>\n\n\n\n<p>\u00c9 importante enfatizar que em <strong>Seu dinheiro<\/strong> <strong>N\u00e3o oferecemos produtos financeiros diretamente, nem atuamos como intermedi\u00e1rios.<\/strong>Nosso papel \u00e9 informativo e educativo, ajudando voc\u00ea a tomar decis\u00f5es mais seguras e alinhadas aos seus objetivos.<\/p>\n\n\n\n<h2 class=\"wp-block-heading\">Nossa abordagem<\/h2>\n\n\n\n<p>Em <strong>Seu dinheiro<\/strong> trabalhamos em um <strong>Independentes e com um firme compromisso com a transpar\u00eancia.<\/strong>Todo o conte\u00fado que publicamos \u00e9 criado internamente, com base em <strong>Pesquisa rigorosa, dados verific\u00e1veis e experi\u00eancia pr\u00e1tica no setor financeiro.<\/strong>N\u00e3o aceitamos pagamentos de bancos, fintechs ou institui\u00e7\u00f5es financeiras para promover produtos ou servi\u00e7os.<\/p>\n\n\n\n<p>Acreditamos que o <strong>educa\u00e7\u00e3o financeira<\/strong> Deve ser acess\u00edvel, claro e honesto. \u00c9 por isso que nossos artigos e guias s\u00e3o elaborados para serem \u00fateis a diferentes perfis: desde aqueles que est\u00e3o dando os primeiros passos na gest\u00e3o do seu dinheiro at\u00e9 usu\u00e1rios mais experientes que desejam comparar produtos banc\u00e1rios ou aprimorar seu planejamento financeiro.<\/p>\n\n\n\n<p>Nosso objetivo n\u00e3o \u00e9 <strong>Exagerar nas promessas ou criar falsas expectativas<\/strong>mas sim para lhe fornecer ferramentas reais para que voc\u00ea possa tomar decis\u00f5es informadas. <strong>Seu dinheiro<\/strong> Queremos te apoiar com <strong>Clareza, respeito e recursos pr\u00e1ticos.<\/strong>para que voc\u00ea possa construir uma rela\u00e7\u00e3o mais forte e consciente com suas finan\u00e7as.<\/p>","protected":false},"excerpt":{"rendered":"<p>Vuestro Dinero es un espacio creado para ayudarte a comprender el mundo de las finanzas personales con claridad y confianza. Nuestro prop\u00f3sito es ofrecer informaci\u00f3n accesible y bien fundamentada sobre temas clave como tarjetas de cr\u00e9dito y d\u00e9bito, pr\u00e9stamos, ahorro y gesti\u00f3n financiera, enfoc\u00e1ndonos especialmente en las realidades de Espa\u00f1a y M\u00e9xico. En un entorno [&hellip;]<\/p>","protected":false},"author":6,"featured_media":0,"parent":0,"menu_order":0,"comment_status":"closed","ping_status":"closed","template":"","meta":{"footnotes":""},"yoast_head":"<!-- This site is optimized with the Yoast SEO plugin v23.3 - https:\/\/yoast.com\/wordpress\/plugins\/seo\/ -->\n<title>Sobre Vuestro Dinero - Vuestro Dinero<\/title>\n<meta name=\"robots\" content=\"index, follow, max-snippet:-1, max-image-preview:large, max-video-preview:-1\" \/>\n<link rel=\"canonical\" href=\"https:\/\/vuestrodinero.com\/pt\/sobre-nosotros\/\" \/>\n<meta property=\"og:locale\" content=\"pt_BR\" \/>\n<meta property=\"og:type\" content=\"article\" \/>\n<meta property=\"og:title\" content=\"Sobre Vuestro Dinero - Vuestro Dinero\" \/>\n<meta property=\"og:description\" content=\"Vuestro Dinero es un espacio creado para ayudarte a comprender el mundo de las finanzas personales con claridad y confianza. Nuestro prop\u00f3sito es ofrecer informaci\u00f3n accesible y bien fundamentada sobre temas clave como tarjetas de cr\u00e9dito y d\u00e9bito, pr\u00e9stamos, ahorro y gesti\u00f3n financiera, enfoc\u00e1ndonos especialmente en las realidades de Espa\u00f1a y M\u00e9xico. En un entorno [&hellip;]\" \/>\n<meta property=\"og:url\" content=\"https:\/\/vuestrodinero.com\/pt\/sobre-nosotros\/\" \/>\n<meta property=\"og:site_name\" content=\"Vuestro Dinero\" \/>\n<meta name=\"twitter:card\" content=\"summary_large_image\" \/>\n<meta name=\"twitter:label1\" content=\"Est. reading time\" \/>\n\t<meta name=\"twitter:data1\" content=\"3 minutos\" \/>\n<script type=\"application\/ld+json\" class=\"yoast-schema-graph\">{\"@context\":\"https:\/\/schema.org\",\"@graph\":[{\"@type\":\"WebPage\",\"@id\":\"https:\/\/vuestrodinero.com\/sobre-nosotros\/\",\"url\":\"https:\/\/vuestrodinero.com\/sobre-nosotros\/\",\"name\":\"Sobre Vuestro Dinero - Vuestro Dinero\",\"isPartOf\":{\"@id\":\"https:\/\/vuestrodinero.com\/#website\"},\"datePublished\":\"2025-09-02T15:04:13+00:00\",\"dateModified\":\"2025-09-02T15:04:13+00:00\",\"breadcrumb\":{\"@id\":\"https:\/\/vuestrodinero.com\/sobre-nosotros\/#breadcrumb\"},\"inLanguage\":\"pt-BR\",\"potentialAction\":[{\"@type\":\"ReadAction\",\"target\":[\"https:\/\/vuestrodinero.com\/sobre-nosotros\/\"]}]},{\"@type\":\"BreadcrumbList\",\"@id\":\"https:\/\/vuestrodinero.com\/sobre-nosotros\/#breadcrumb\",\"itemListElement\":[{\"@type\":\"ListItem\",\"position\":1,\"name\":\"Home\",\"item\":\"https:\/\/vuestrodinero.com\/\"},{\"@type\":\"ListItem\",\"position\":2,\"name\":\"Sobre Vuestro Dinero\"}]},{\"@type\":\"WebSite\",\"@id\":\"https:\/\/vuestrodinero.com\/#website\",\"url\":\"https:\/\/vuestrodinero.com\/\",\"name\":\"Vuestro Dinero\",\"description\":\"\",\"potentialAction\":[{\"@type\":\"SearchAction\",\"target\":{\"@type\":\"EntryPoint\",\"urlTemplate\":\"https:\/\/vuestrodinero.com\/?s={search_term_string}\"},\"query-input\":\"required name=search_term_string\"}],\"inLanguage\":\"pt-BR\"}]}<\/script>\n<!-- \/ Yoast SEO plugin. -->","yoast_head_json":{"title":"Sobre Vuestro Dinero - Vuestro Dinero","robots":{"index":"index","follow":"follow","max-snippet":"max-snippet:-1","max-image-preview":"max-image-preview:large","max-video-preview":"max-video-preview:-1"},"canonical":"https:\/\/vuestrodinero.com\/pt\/sobre-nosotros\/","og_locale":"pt_BR","og_type":"article","og_title":"Sobre Vuestro Dinero - Vuestro Dinero","og_description":"Vuestro Dinero es un espacio creado para ayudarte a comprender el mundo de las finanzas personales con claridad y confianza. Nuestro prop\u00f3sito es ofrecer informaci\u00f3n accesible y bien fundamentada sobre temas clave como tarjetas de cr\u00e9dito y d\u00e9bito, pr\u00e9stamos, ahorro y gesti\u00f3n financiera, enfoc\u00e1ndonos especialmente en las realidades de Espa\u00f1a y M\u00e9xico. En un entorno [&hellip;]","og_url":"https:\/\/vuestrodinero.com\/pt\/sobre-nosotros\/","og_site_name":"Vuestro Dinero","twitter_card":"summary_large_image","twitter_misc":{"Est. reading time":"3 minutos"},"schema":{"@context":"https:\/\/schema.org","@graph":[{"@type":"WebPage","@id":"https:\/\/vuestrodinero.com\/sobre-nosotros\/","url":"https:\/\/vuestrodinero.com\/sobre-nosotros\/","name":"Sobre Vuestro Dinero - Vuestro Dinero","isPartOf":{"@id":"https:\/\/vuestrodinero.com\/#website"},"datePublished":"2025-09-02T15:04:13+00:00","dateModified":"2025-09-02T15:04:13+00:00","breadcrumb":{"@id":"https:\/\/vuestrodinero.com\/sobre-nosotros\/#breadcrumb"},"inLanguage":"pt-BR","potentialAction":[{"@type":"ReadAction","target":["https:\/\/vuestrodinero.com\/sobre-nosotros\/"]}]},{"@type":"BreadcrumbList","@id":"https:\/\/vuestrodinero.com\/sobre-nosotros\/#breadcrumb","itemListElement":[{"@type":"ListItem","position":1,"name":"Home","item":"https:\/\/vuestrodinero.com\/"},{"@type":"ListItem","position":2,"name":"Sobre Vuestro Dinero"}]},{"@type":"WebSite","@id":"https:\/\/vuestrodinero.com\/#website","url":"https:\/\/vuestrodinero.com\/","name":"Vuestro Dinero","description":"","potentialAction":[{"@type":"SearchAction","target":{"@type":"EntryPoint","urlTemplate":"https:\/\/vuestrodinero.com\/?s={search_term_string}"},"query-input":"required name=search_term_string"}],"inLanguage":"pt-BR"}]}},"_links":{"self":[{"href":"https:\/\/vuestrodinero.com\/pt\/wp-json\/wp\/v2\/pages\/20"}],"collection":[{"href":"https:\/\/vuestrodinero.com\/pt\/wp-json\/wp\/v2\/pages"}],"about":[{"href":"https:\/\/vuestrodinero.com\/pt\/wp-json\/wp\/v2\/types\/page"}],"author":[{"embeddable":true,"href":"https:\/\/vuestrodinero.com\/pt\/wp-json\/wp\/v2\/users\/6"}],"replies":[{"embeddable":true,"href":"https:\/\/vuestrodinero.com\/pt\/wp-json\/wp\/v2\/comments?post=20"}],"version-history":[{"count":1,"href":"https:\/\/vuestrodinero.com\/pt\/wp-json\/wp\/v2\/pages\/20\/revisions"}],"predecessor-version":[{"id":21,"href":"https:\/\/vuestrodinero.com\/pt\/wp-json\/wp\/v2\/pages\/20\/revisions\/21"}],"wp:attachment":[{"href":"https:\/\/vuestrodinero.com\/pt\/wp-json\/wp\/v2\/media?parent=20"}],"curies":[{"name":"wp","href":"https:\/\/api.w.org\/{rel}","templated":true}]}}